{"id":8,"date":"2016-08-23T18:35:23","date_gmt":"2016-08-23T18:35:23","guid":{"rendered":"http:\/\/godwords.info\/?page_id=8"},"modified":"2017-07-31T15:25:23","modified_gmt":"2017-07-31T15:25:23","slug":"what-others-feel","status":"publish","type":"page","link":"https:\/\/godwords.info\/es\/what-others-feel\/","title":{"rendered":"\u00bfQue se sienten los dem\u00e1s?"},"content":{"rendered":"<h1>lo que han dicho los dem\u00e1s<\/h1>\n<h3 style=\"text-align: center;\">Sentimientos diferentes de todo el mundo. <\/h3>\n<div class=\"shadow others_library\">\n<script type=\"text\/javascript\" src=\"http:\/\/godwords.info\/wp-content\/themes\/godwords\/js\/inline\/dist\/iphone-inline-video.browser.js\"><\/script>\n<script type=\"text\/javascript\" src=\"http:\/\/godwords.info\/wp-content\/themes\/godwords\/js\/paginew\/src\/js\/jquery.paginate.js\"><\/script>\n<script type=\"text\/javascript\">\njQuery(document).ready(function()    {\n\tjQuery('#pagi').paginate({itemsPerPage: 9});\n\n});\njQuery(window).load(function()    {\n\n\tjQuery('video').each(function(){\n\t\t\/\/jQuery(this).attr('webkit-playsinline','true');\n\t\t\/\/jQuery(this).attr('playsinline','true');\n\t\tvar srcy=jQuery(this).attr('src');\n\t\tvar idy=jQuery(this).attr('id');\n\t\tjQuery(this).before('<audio src=\"'+srcy+'\" id=\"'+idy+'\" webkit-playsinline=\"true\" playsinline=\"true\"><\/audio>');\n\t\tjQuery(this).remove();\n\t});\n\t\/\/jQuery('video').get().forEach(makeVideoPlayableInline)\n\n});\n<\/script>\n<div class=\"others_library ot\">\n\t<div class=\"arr_others\" id=\"pagi-pagination\">\n\t<img src=\"http:\/\/godwords.info\/wp-content\/themes\/godwords\/img\/arr_l1.png\" alt=\"rec\" id=\"pagi-previous\" class=\"arr_l1\"\/>\n\t<img src=\"http:\/\/godwords.info\/wp-content\/themes\/godwords\/img\/arr_r1.png\" alt=\"rec\" id=\"pagi-next\" class=\"arr_r1\"\/>\n\t<\/div><ul class=\"pagi\" id=\"pagi\">\t\t\t<div class=\"cl\"><\/div>\n<\/ul>\n<\/div>\n<\/div>\n<div class=\"more_section more_small\">\n<a class=\"arr_l\" href=\"..\/\">Escucha m\u00e1s<\/a><\/p>\n<div class=\"btns_middle\"><\/div>\n<p><a class=\"arr_r\" href=\"\/more-info\/\">M\u00e1s informaci\u00f3n<\/a>\n<\/div>\n","protected":false},"excerpt":{"rendered":"<p>lo que han dicho los dem\u00e1s Sentimientos diferentes de todo el mundo. Escucha m\u00e1s M\u00e1s informaci\u00f3n<\/p>\n","protected":false},"author":1,"featured_media":0,"parent":0,"menu_order":0,"comment_status":"closed","ping_status":"closed","template":"template-others.php","meta":[],"translation":{"provider":"WPGlobus","version":"2.8.11","language":"es","enabled_languages":["en","es","fr","fp","zh","pt","de"],"languages":{"en":{"title":true,"content":true,"excerpt":false},"es":{"title":true,"content":true,"excerpt":false},"fr":{"title":true,"content":true,"excerpt":false},"fp":{"title":false,"content":true,"excerpt":false},"zh":{"title":true,"content":true,"excerpt":false},"pt":{"title":true,"content":true,"excerpt":false},"de":{"title":true,"content":true,"excerpt":false}}},"_links":{"self":[{"href":"https:\/\/godwords.info\/es\/wp-json\/wp\/v2\/pages\/8"}],"collection":[{"href":"https:\/\/godwords.info\/es\/wp-json\/wp\/v2\/pages"}],"about":[{"href":"https:\/\/godwords.info\/es\/wp-json\/wp\/v2\/types\/page"}],"author":[{"embeddable":true,"href":"https:\/\/godwords.info\/es\/wp-json\/wp\/v2\/users\/1"}],"replies":[{"embeddable":true,"href":"https:\/\/godwords.info\/es\/wp-json\/wp\/v2\/comments?post=8"}],"version-history":[{"count":12,"href":"https:\/\/godwords.info\/es\/wp-json\/wp\/v2\/pages\/8\/revisions"}],"predecessor-version":[{"id":611,"href":"https:\/\/godwords.info\/es\/wp-json\/wp\/v2\/pages\/8\/revisions\/611"}],"wp:attachment":[{"href":"https:\/\/godwords.info\/es\/wp-json\/wp\/v2\/media?parent=8"}],"curies":[{"name":"wp","href":"https:\/\/api.w.org\/{rel}","templated":true}]}}